{"id":48762,"date":"2021-09-28T14:43:31","date_gmt":"2021-09-28T09:43:31","guid":{"rendered":"http:\/\/zamanturkmenistan.com.tm\/?page_id=48762"},"modified":"2021-09-28T17:41:47","modified_gmt":"2021-09-28T12:41:47","slug":"krossword","status":"publish","type":"page","link":"https:\/\/zamanturkmenistan.com.tm\/?page_id=48762","title":{"rendered":"Krossword"},"content":{"rendered":"<div id=\"td_uid_1_69ec97328f43c\" class=\"tdc-row\"><div class=\"vc_row td_uid_1_69ec97328f443_rand  wpb_row td-pb-row\" >\n<style scoped>\n\n\/* custom css *\/\n.td_uid_1_69ec97328f443_rand {\r\n                    min-height: 0;\r\n                }\n<\/style><div class=\"vc_column td_uid_2_69ec97328f618_rand  wpb_column vc_column_container tdc-column td-pb-span12\">\n<style scoped>\n\n\/* custom css *\/\n.td_uid_2_69ec97328f618_rand {\r\n                    vertical-align: baseline;\r\n                }\n<\/style><div class=\"wpb_wrapper\"><div class=\"wpb_wrapper wpb_text_column td_block_wrap td_block_wrap vc_column_text td_uid_3_69ec97328f703_rand  td-pb-border-top td_block_template_4\"  data-td-block-uid=\"td_uid_3_69ec97328f703\" \"><div class=\"td-block-title-wrap\"><\/div><div class=\"td-fix-index\"><h1 style=\"text-align: left;\"><strong>KROSSWORD<\/strong><\/h1>\n<\/div><\/div><div class=\"wpb_wrapper wpb_text_column td_block_wrap td_block_wrap vc_column_text td_uid_4_69ec973296a8c_rand  td-pb-border-top td_block_template_4\"  data-td-block-uid=\"td_uid_4_69ec973296a8c\" \"><div class=\"td-block-title-wrap\"><\/div><div class=\"td-fix-index\"><div class=\"crossword_wrapper\"><div class=\"wha-row wha-crossword-row\"><div class=\"wha-crossword-container\"><div class=\"wha-center wha-crossword\" id=\"wha-crossword\"><\/div><br\/><\/div><\/div><div class=\"wha-center wha-crossword-questions\"><h2  style='text-decoration:underline;'>Krosswordy\u0148 soraglary<\/h2><div class=\"wha-line\">\n                      <input class=\"wha-word\" data-counter=\"1\" type=\"hidden\" value=\"A\u015ePEZ\"\/>\n                      <div class=\"wha-clue\" data-counter=\"1\">1. Naharhanalarda nahar bi\u015firiji.<\/div>\n                      <\/div><div class=\"wha-line\">\n                      <input class=\"wha-word\" data-counter=\"2\" type=\"hidden\" value=\"AKKORDEON\u00c7Y\"\/>\n                      <div class=\"wha-clue\" data-counter=\"2\">2. Akkordeon \u00e7al\u00fdan sazanda.<\/div>\n                      <\/div><div class=\"wha-line\">\n                      <input class=\"wha-word\" data-counter=\"3\" type=\"hidden\" value=\"\u00c7emen\"\/>\n                      <div class=\"wha-clue\" data-counter=\"3\">3. Baglanan g\u00fcl dessesi<\/div>\n                      <\/div><div class=\"wha-line\">\n                      <input class=\"wha-word\" data-counter=\"4\" type=\"hidden\" value=\"A\u00c7\"\/>\n                      <div class=\"wha-clue\" data-counter=\"4\">4. Dok d\u00e4l, hi\u00e7 zat i\u00fdmedik.<\/div>\n                      <\/div><div class=\"wha-line\">\n                      <input class=\"wha-word\" data-counter=\"5\" type=\"hidden\" value=\"ADALAT\"\/>\n                      <div class=\"wha-clue\" data-counter=\"5\">5. Hakykata la\u00fdyk gel\u00fd\u00e4n d\u00fc\u015f\u00fcnje \u00fda-da hereket.<\/div>\n                      <\/div><div class=\"wha-line\">\n                      <input class=\"wha-word\" data-counter=\"6\" type=\"hidden\" value=\"ATLYK\"\/>\n                      <div class=\"wha-clue\" data-counter=\"6\">6. \u00dderden, suwdan pe\u00fddalanmagy\u0148 gadymy bir g\u00f6rn\u00fc\u015fi.<\/div>\n                      <\/div><div class=\"wha-line\">\n                      <input class=\"wha-word\" data-counter=\"7\" type=\"hidden\" value=\"A\u00c7MAK\"\/>\n                      <div class=\"wha-clue\" data-counter=\"7\">7. \u00ab\u00ddapmak\u00bb s\u00f6z\u00fcni\u0148 antonimi.<\/div>\n                      <\/div><div class=\"wha-line\">\n                      <input class=\"wha-word\" data-counter=\"8\" type=\"hidden\" value=\"ALMALYK\"\/>\n                      <div class=\"wha-clue\" data-counter=\"8\">8. Haly g\u00f6l\u00fcni\u0148 i\u00e7ind\u00e4ki gyzyl hem \u00fda\u015fyl topbak nagy\u015flar.<\/div>\n                      <\/div><div class=\"wha-line\">\n                      <input class=\"wha-word\" data-counter=\"9\" type=\"hidden\" value=\"ARALA\u015eDYRMAK\"\/>\n                      <div class=\"wha-clue\" data-counter=\"9\">9. Dawala\u015f\u00fdanlary, \u00fdakala\u015f\u00fdanlary biri-birinden a\u00fdry\u015fdyrmak.<\/div>\n                      <\/div><div class=\"wha-line\">\n                      <input class=\"wha-word\" data-counter=\"10\" type=\"hidden\" value=\"ALA\u00ddAZ\"\/>\n                      <div class=\"wha-clue\" data-counter=\"10\">10. \u015eatlykly, \u015fatlykly halda.<\/div>\n                      <\/div><div class=\"wha-line\">\n                      <input class=\"wha-word\" data-counter=\"11\" type=\"hidden\" value=\"A\u00ddDY\u0147\"\/>\n                      <div class=\"wha-clue\" data-counter=\"11\">11. \u00ddagty, dury, a\u00e7yk, bulutsyz.<\/div>\n                      <\/div><div class=\"wha-line\">\n                      <input class=\"wha-word\" data-counter=\"12\" type=\"hidden\" value=\"ARABEK\"\/>\n                      <div class=\"wha-clue\" data-counter=\"12\">12. A\u00fdallary\u0148 burunlaryny de\u015fip dakyn\u00fdan bezeg \u015fa\u00fdy.<\/div>\n                      <\/div><div class=\"wha-line\">\n                      <input class=\"wha-word\" data-counter=\"13\" type=\"hidden\" value=\"\"\/>\n                      <div class=\"wha-clue\" data-counter=\"13\">13. <\/div>\n                      <\/div><div class=\"wha-line\">\n                      <input class=\"wha-word\" data-counter=\"14\" type=\"hidden\" value=\"ABA\"\/>\n                      <div class=\"wha-clue\" data-counter=\"14\">14. T\u00fcrkmen han-serdarlaryny\u0148 biri.<\/div>\n                      <\/div><div class=\"wha-line\">\n                      <input class=\"wha-word\" data-counter=\"15\" type=\"hidden\" value=\"Namart\"\/>\n                      <div class=\"wha-clue\" data-counter=\"15\">15. Biga\u00fdrat<\/div>\n                      <\/div><div class=\"wha-line\">\n                      <input class=\"wha-word\" data-counter=\"16\" type=\"hidden\" value=\"ASUDA\"\/>\n                      <div class=\"wha-clue\" data-counter=\"16\">16. \u00dcms\u00fcm, rahat, parahat.<\/div>\n                      <\/div><div class=\"wha-line\">\n                      <input class=\"wha-word\" data-counter=\"17\" type=\"hidden\" value=\"ARRYLDAMAK\"\/>\n                      <div class=\"wha-clue\" data-counter=\"17\">17. Arlap seslenmek.<\/div>\n                      <\/div><div class=\"wha-line\">\n                      <input class=\"wha-word\" data-counter=\"18\" type=\"hidden\" value=\"ALGARAK\"\/>\n                      <div class=\"wha-clue\" data-counter=\"18\">18. D\u00fc\u00fd\u00e4ni\u0148 g\u00f6z\u00fcne d\u00fc\u015f\u00fd\u00e4n kesel.<\/div>\n                      <\/div><div class=\"wha-line\">\n                      <input class=\"wha-word\" data-counter=\"19\" type=\"hidden\" value=\"Aldadymmulladym\"\/>\n                      <div class=\"wha-clue\" data-counter=\"19\">19. Bir i\u015fi \u00e7ala-\u00e7ula, ba\u015fdansowma etmek.<\/div>\n                      <\/div><div class=\"wha-line\">\n                      <input class=\"wha-word\" data-counter=\"20\" type=\"hidden\" value=\"Kowus\"\/>\n                      <div class=\"wha-clue\" data-counter=\"20\">20. \u015eemsi \u00fdyl hasabynda dokuzynjy a\u00fdy\u0148 ady<\/div>\n                      <\/div><div class=\"wha-line\">\n                      <input class=\"wha-word\" data-counter=\"21\" type=\"hidden\" value=\"A\u00ddRY\"\/>\n                      <div class=\"wha-clue\" data-counter=\"21\">21. \u00d6zge, ba\u015fga.<\/div>\n                      <\/div><div class=\"wha-line\">\n                      <input class=\"wha-word\" data-counter=\"22\" type=\"hidden\" value=\"A\u00ddRALYK\"\/>\n                      <div class=\"wha-clue\" data-counter=\"22\">22. Biri-birinden a\u00fdra d\u00fc\u015fmeklik, biri-birinden da\u015fda bolmaklyk.<\/div>\n                      <\/div><div class=\"wha-line\">\n                      <input class=\"wha-word\" data-counter=\"23\" type=\"hidden\" value=\"ALA\u00c7A\"\/>\n                      <div class=\"wha-clue\" data-counter=\"23\">23. Tarada dokal\u00fdan gyrasaryly nah mata.<\/div>\n                      <\/div><div class=\"wha-line\">\n                      <input class=\"wha-word\" data-counter=\"24\" type=\"hidden\" value=\"AK\u00c7\u00d6P\"\/>\n                      <div class=\"wha-clue\" data-counter=\"24\">24. Dagda, gumda bit\u00fd\u00e4n \u00fdow\u015fana me\u0148ze\u015f \u00f6s\u00fcmlik.<\/div>\n                      <\/div><div class=\"wha-line\">\n                      <input class=\"wha-word\" data-counter=\"25\" type=\"hidden\" value=\"AHALTEKE\"\/>\n                      <div class=\"wha-clue\" data-counter=\"25\">25. D\u00fcn\u00fd\u00e4 belli t\u00fcrkmen bedewi.<\/div>\n                      <\/div><div class=\"wha-line\">\n                      <input class=\"wha-word\" data-counter=\"26\" type=\"hidden\" value=\"Atalyogul\"\/>\n                      <div class=\"wha-clue\" data-counter=\"26\">26. Kakasy bilen ogly, ata-ogul.<\/div>\n                      <\/div><div class=\"wha-line\">\n                      <input class=\"wha-word\" data-counter=\"27\" type=\"hidden\" value=\"APA\u00ddDY\u0147\"\/>\n                      <div class=\"wha-clue\" data-counter=\"27\">27. \u00d6r\u00e4n a\u00fddy\u0148.<\/div>\n                      <\/div><div class=\"wha-line\">\n                      <input class=\"wha-word\" data-counter=\"28\" type=\"hidden\" value=\"\u015fowa\"\/>\n                      <div class=\"wha-clue\" data-counter=\"28\">28. Bir gapdala egrilip duran, egri<\/div>\n                      <\/div><div class=\"wha-line\">\n                      <input class=\"wha-word\" data-counter=\"29\" type=\"hidden\" value=\"AGARAN\"\/>\n                      <div class=\"wha-clue\" data-counter=\"29\">29. D\u00fc\u00fde \u00e7alyndan we s\u00fc\u00fdd\u00fcnden alyn\u00fdan \u00f6n\u00fcm.<\/div>\n                      <\/div><div class=\"wha-line\">\n                      <input class=\"wha-word\" data-counter=\"30\" type=\"hidden\" value=\"APA\u0147APA\u0147\"\/>\n                      <div class=\"wha-clue\" data-counter=\"30\">30. Gopbam gadam basmak, \u00e4wmezeklik bilen agras, ha\u00fdal \u00e4dimlemek.<\/div>\n                      <\/div><\/div><\/div><div class=\"clearfix\"><\/div><style><\/style><script><\/script><script>\n        \/* <![CDATA[ *\/\n        var optional_crossword_vars = {\n            'whacw_optional_bg_color':'',\n            'whacw_optional_border_color':'',\n            'whacw_optional_text_color':'',\n            'whacw_optional_question_color':'',\n            'whacw_optional_counter_color':'',\n            'whacw_use_global_options':'',\n            'whacw_correct_ansver':'',\n            'whacw_incorrect_ansver':'',\n            'whacw_align_question':'',            \n            'whacw_question_width':''            \n        };\n        \/* ]]> *\/\n        <\/script><div id=\"modal_form_crossword\">\n                    <span id=\"modal_close\">X<\/span>\n                    <div class=\"content\">Congratulations<\/div>\n                  <\/div>\n                  <div id=\"overlay\"><\/div>\n<\/div><\/div><\/div><\/div><\/div><\/div>","protected":false},"excerpt":{"rendered":"","protected":false},"author":1,"featured_media":0,"parent":0,"menu_order":0,"comment_status":"closed","ping_status":"closed","template":"","meta":{"footnotes":""},"acf":[],"_links":{"self":[{"href":"https:\/\/zamanturkmenistan.com.tm\/index.php?rest_route=\/wp\/v2\/pages\/48762"}],"collection":[{"href":"https:\/\/zamanturkmenistan.com.tm\/index.php?rest_route=\/wp\/v2\/pages"}],"about":[{"href":"https:\/\/zamanturkmenistan.com.tm\/index.php?rest_route=\/wp\/v2\/types\/page"}],"author":[{"embeddable":true,"href":"https:\/\/zamanturkmenistan.com.tm\/index.php?rest_route=\/wp\/v2\/users\/1"}],"replies":[{"embeddable":true,"href":"https:\/\/zamanturkmenistan.com.tm\/index.php?rest_route=%2Fwp%2Fv2%2Fcomments&post=48762"}],"version-history":[{"count":0,"href":"https:\/\/zamanturkmenistan.com.tm\/index.php?rest_route=\/wp\/v2\/pages\/48762\/revisions"}],"wp:attachment":[{"href":"https:\/\/zamanturkmenistan.com.tm\/index.php?rest_route=%2Fwp%2Fv2%2Fmedia&parent=48762"}],"curies":[{"name":"wp","href":"https:\/\/api.w.org\/{rel}","templated":true}]}}