{"id":5821,"date":"2017-02-13T16:33:35","date_gmt":"2017-02-13T16:33:35","guid":{"rendered":"http:\/\/zamanturkmenistan.com\/?page_id=5821"},"modified":"2023-07-26T15:56:45","modified_gmt":"2023-07-26T10:56:45","slug":"biz-barada","status":"publish","type":"page","link":"https:\/\/zamanturkmenistan.com.tm\/?page_id=5821","title":{"rendered":"Biz barada"},"content":{"rendered":"<p>\u201cZa\u00adman-T\u00fcrk\u00adme\u00adnis\u00adtan\u201d ga\u00adze\u00adti 1992-nji \u00fdy\u00adly\u0148 no\u00ad\u00fdabr a\u00fdyn\u00adda d\u00f6\u00adre\u00addi\u00adlip, \u00fdur\u00addu\u00admyz\u00adda\u00adky t\u00e4\u00adze\u00adlik\u00adle\u00adri, sy\u00ad\u00fda\u00adsat\u00adda, yk\u00addy\u00adsa\u00addy\u00ad\u00fdet\u00adde, me\u00adde\u00adni\u00ad\u00fdet\u00adde, sport\u00adda we be\u00fd\u00adle\u00adki ugur\u00adlar\u00adda d\u00fcn\u00ad\u00fd\u00e4\u00adni\u0148 d\u00fcr\u00adli k\u00fcn\u00adje\u00adgin\u00adde bo\u00adlup ge\u00e7\u00ad\u00fd\u00e4n t\u00e4\u00adze\u00adlik\u00adle\u00adri, gy\u00adzyk\u00adly we t\u00e4\u00adsin wa\u00adka\u00adla\u00adry gyz\u00adgy\u00adny bi\u00adlen oky\u00adjy\u00adla\u00adra \u00fde\u00adtir\u00ad\u00fd\u00e4r. \u201cZa\u00adman-T\u00fcrk\u00adme\u00adnis\u00adtan\u201d ga\u00adze\u00adti il\u00adki ne\u00ad\u015fir\u00ad\u00fdat k\u00e4r\u00adha\u00adna\u00adsy, 2004-nji \u00fdyl\u00adda jo\u00adgap\u00adk\u00e4r\u00ad\u00e7i\u00adli\u00adgi \u00e7\u00e4k\u00adli bi\u00adle\u00adle\u00ad\u015fik, 2007-nji \u00fdyl\u00addan b\u00e4\u00adri bol\u00adsa ho\u00adja\u00adlyk jem\u00adgy\u00ad\u00fde\u00adti h\u00f6k\u00adm\u00fcn\u00adde i\u015f alyp bar\u00ad\u00fdar.<br \/>\n\u201cZa\u00adman-T\u00fcrk\u00adme\u00adnis\u00adtan\u201d ga\u00adze\u00adti\u00adni\u0148 d\u00f6\u00adre\u00addi\u00adji\u00adlik to\u00adpa\u00adry hor\u00admat\u00adly Pre\u00adzi\u00adden\u00adti\u00admi\u00adzi\u0148 d\u00f6\u00adre\u00addip be\u00adren aja\u00ad\u00fdyp m\u00fcm\u00adkin\u00ad\u00e7i\u00adlik\u00adle\u00adrin\u00adden pe\u00fd\u00adda\u00adla\u00adnyp, oky\u00adjy\u00adlar k\u00f6p\u00ad\u00e7\u00fc\u00adli\u00adgi\u00adni\u0148 s\u00f6\u00fd\u00adg\u00fc\u00adsi\u00adni ga\u00adzan\u00admak ug\u00adrun\u00adda yh\u00adlas\u00adly z\u00e4h\u00admet \u00e7ek\u00ad\u00fd\u00e4r. D\u00f6\u00adre\u00addi\u00adji\u00adlik to\u00adpa\u00adry \u00fdur\u00addu\u00admyz\u00adda dur\u00admu\u00ad\u015fa ge\u00ad\u00e7i\u00adril\u00ad\u00fd\u00e4n gi\u0148 m\u00f6\u00e7\u00adber\u00adli \u00f6z\u00adgert\u00adme\u00adler mak\u00adsat\u00adna\u00adma\u00adla\u00adry\u00adny t\u00fcrk\u00admen hal\u00adky\u00adna hem-de d\u00fcn\u00ad\u00fd\u00e4\u00adni\u0148 be\u00fd\u00adle\u00adki \u00fdurt\u00adla\u00adry\u00adny\u0148 oky\u00adjy\u00adla\u00adry\u00adna \u00fde\u00adtir\u00admek mak\u00adsa\u00addy bi\u00adlen \u015fan\u00adly se\u00adne\u00adle\u00adre ba\u00adgy\u015f\u00adlap \u00fd\u00f6\u00adri\u00adte san\u00adla\u00adry ta\u00fd\u00ad\u00fdar\u00adla\u00ad\u00fdar. \u00dd\u00f6\u00adri\u00adte san\u00adla\u00adry\u0148 halk k\u00f6p\u00ad\u00e7\u00fc\u00adli\u00adgi\u00adni\u0148 gyz\u00adgyn gol\u00adda\u00adwy\u00adna e\u00fde bol\u00adma\u00adgy ga\u00adze\u00adti\u0148 i\u015f\u00adg\u00e4r\u00adle\u00adri\u00adni yh\u00adlas\u00adly z\u00e4h\u00admet \u00e7ek\u00adm\u00e4\u00adge h\u00f6\u00adwes\u00adlen\u00addir\u00ad\u00fd\u00e4r.<br \/>\nD\u00f6\u00adre\u00addi\u00adji\u00adlik to\u00adpa\u00adry\u00admyz d\u00fcr\u00adli d\u00f6\u00adw\u00fcr\u00adde T\u00fcrk\u00adme\u00adnis\u00adta\u00adny\u0148 Pre\u00adzi\u00adden\u00adti ta\u00adra\u00adpyn\u00addan sy\u00adlag\u00adlan\u00addy.<br \/>\nT\u00fcrk\u00adme\u00adnis\u00adta\u00adny\u0148 Pre\u00adzi\u00adden\u00adti\u00adni\u0148 2010-njy \u00fdy\u00adly\u0148 7-nji okt\u00ad\u00fdab\u00adryn\u00adda gol \u00e7e\u00adken Ka\u00adra\u00adry\u00adna la\u00ad\u00fdyk\u00adlyk\u00adda, \u201cZa\u00adman-T\u00fcrk\u00adme\u00adnis\u00adtan\u201d ga\u00adze\u00adti\u00adni\u0148 d\u00f6\u00adre\u00addi\u00adji\u00adlik to\u00adpa\u00adry 2010-njy \u00fdyl\u00adda ede\u00adbi\u00ad\u00fdat, me\u00adde\u00adni\u00ad\u00fdet we sun\u00adgat i\u015f\u00adg\u00e4r\u00adle\u00adri\u00adni\u0148, h\u00f6\u00adwes\u00adje\u0148 a\u00fd\u00addym\u00ad\u00e7y \u00fda\u015f\u00adla\u00adry\u0148 ara\u00adsyn\u00adda ge\u00ad\u00e7i\u00adril\u00ad\u00fd\u00e4n T\u00fcrk\u00adme\u00adnis\u00adta\u00adny\u0148 Pre\u00adzi\u00adden\u00adti\u00adni\u0148 \u201cT\u00fcrk\u00adme\u00adni\u0148 Al\u00adtyn asy\u00adry\u201d at\u00adly ba\u00fd\u00adra\u00adgy\u00adny al\u00admak ug\u00adrun\u00adda\u00adky b\u00e4s\u00adle\u00ad\u015fi\u00adgi\u0148 \u00fde\u00ad\u0148i\u00adji\u00adsi bol\u00addy.<br \/>\n\u201cZa\u00adman-T\u00fcrk\u00adme\u00adnis\u00adtan\u201d ga\u00adze\u00adti hep\u00adde\u00adlik ne\u00ad\u015fir bo\u00adlup, 2005-nji \u00fdyl\u00addan b\u00e4\u00adri in\u00adter\u00adnet sa\u00fd\u00adty ar\u00adka\u00adly d\u00fcn\u00ad\u00fd\u00e4\u00adni\u0148 \u00e4h\u00adli \u00fde\u00adrin\u00add\u00e4\u00adki oky\u00adjy\u00adlar k\u00f6p\u00ad\u00e7\u00fc\u00adli\u00adgi\u00adne \u00fde\u00adti\u00adril\u00ad\u00fd\u00e4r. Ga\u00adze\u00adti\u00admi\u00adzi\u0148 in\u00adter\u00adnet sa\u00fd\u00adty yzy\u00adgi\u00adder\u00adli t\u00e4\u00adze\u00adlen\u00ad\u00fd\u00e4r. Mun\u00addan ba\u015f\u00adga-da, oky\u00adjy\u00adlar smart\u00adfon\u00adlar \u00fc\u00e7in d\u00f6\u00adre\u00addi\u00adlen app\u00adli\u00adka\u00adsi\u00ad\u00fda\u00addan pe\u00fd\u00adda\u00adla\u00adnyp bil\u00ad\u00fd\u00e4r\u00adler. T\u00fcrk\u00admen d\u00f6w\u00adlet ne\u00ad\u015fir\u00ad\u00fdat gul\u00adlu\u00adgy\u00adny\u0148 Met\u00adbu\u00adgat mer\u00adke\u00adzin\u00adde \u00e7ap edil\u00ad\u00fd\u00e4n ga\u00adzet \u201cT\u00fcrk\u00admen\u00adpo\u00e7\u00adta\u201d po\u00e7\u00adta ara\u00adgat\u00adna\u00ad\u015fyk kom\u00adpa\u00adni\u00ad\u00fda\u00adsy ta\u00adra\u00adpyn\u00addan \u00fdur\u00addu\u00admy\u00adzy\u0148 \u00e4h\u00adli we\u00adla\u00ad\u00fdat\u00adla\u00adry\u00adna \u00fda\u00fd\u00adra\u00addyl\u00ad\u00fdar.<\/p>\n","protected":false},"excerpt":{"rendered":"<p>\u201cZa\u00adman-T\u00fcrk\u00adme\u00adnis\u00adtan\u201d ga\u00adze\u00adti 1992-nji \u00fdy\u00adly\u0148 no\u00ad\u00fdabr a\u00fdyn\u00adda d\u00f6\u00adre\u00addi\u00adlip, \u00fdur\u00addu\u00admyz\u00adda\u00adky t\u00e4\u00adze\u00adlik\u00adle\u00adri, sy\u00ad\u00fda\u00adsat\u00adda, yk\u00addy\u00adsa\u00addy\u00ad\u00fdet\u00adde, me\u00adde\u00adni\u00ad\u00fdet\u00adde, sport\u00adda we be\u00fd\u00adle\u00adki ugur\u00adlar\u00adda d\u00fcn\u00ad\u00fd\u00e4\u00adni\u0148 d\u00fcr\u00adli k\u00fcn\u00adje\u00adgin\u00adde bo\u00adlup ge\u00e7\u00ad\u00fd\u00e4n t\u00e4\u00adze\u00adlik\u00adle\u00adri, gy\u00adzyk\u00adly we t\u00e4\u00adsin wa\u00adka\u00adla\u00adry gyz\u00adgy\u00adny bi\u00adlen oky\u00adjy\u00adla\u00adra \u00fde\u00adtir\u00ad\u00fd\u00e4r. \u201cZa\u00adman-T\u00fcrk\u00adme\u00adnis\u00adtan\u201d ga\u00adze\u00adti il\u00adki ne\u00ad\u015fir\u00ad\u00fdat k\u00e4r\u00adha\u00adna\u00adsy, 2004-nji \u00fdyl\u00adda jo\u00adgap\u00adk\u00e4r\u00ad\u00e7i\u00adli\u00adgi \u00e7\u00e4k\u00adli bi\u00adle\u00adle\u00ad\u015fik, 2007-nji \u00fdyl\u00addan b\u00e4\u00adri bol\u00adsa ho\u00adja\u00adlyk jem\u00adgy\u00ad\u00fde\u00adti h\u00f6k\u00adm\u00fcn\u00adde i\u015f alyp bar\u00ad\u00fdar. \u201cZa\u00adman-T\u00fcrk\u00adme\u00adnis\u00adtan\u201d ga\u00adze\u00adti\u00adni\u0148 d\u00f6\u00adre\u00addi\u00adji\u00adlik to\u00adpa\u00adry hor\u00admat\u00adly [&hellip;]<\/p>\n","protected":false},"author":1,"featured_media":0,"parent":0,"menu_order":0,"comment_status":"closed","ping_status":"closed","template":"","meta":{"footnotes":""},"acf":[],"_links":{"self":[{"href":"https:\/\/zamanturkmenistan.com.tm\/index.php?rest_route=\/wp\/v2\/pages\/5821"}],"collection":[{"href":"https:\/\/zamanturkmenistan.com.tm\/index.php?rest_route=\/wp\/v2\/pages"}],"about":[{"href":"https:\/\/zamanturkmenistan.com.tm\/index.php?rest_route=\/wp\/v2\/types\/page"}],"author":[{"embeddable":true,"href":"https:\/\/zamanturkmenistan.com.tm\/index.php?rest_route=\/wp\/v2\/users\/1"}],"replies":[{"embeddable":true,"href":"https:\/\/zamanturkmenistan.com.tm\/index.php?rest_route=%2Fwp%2Fv2%2Fcomments&post=5821"}],"version-history":[{"count":9,"href":"https:\/\/zamanturkmenistan.com.tm\/index.php?rest_route=\/wp\/v2\/pages\/5821\/revisions"}],"predecessor-version":[{"id":83177,"href":"https:\/\/zamanturkmenistan.com.tm\/index.php?rest_route=\/wp\/v2\/pages\/5821\/revisions\/83177"}],"wp:attachment":[{"href":"https:\/\/zamanturkmenistan.com.tm\/index.php?rest_route=%2Fwp%2Fv2%2Fmedia&parent=5821"}],"curies":[{"name":"wp","href":"https:\/\/api.w.org\/{rel}","templated":true}]}}